{"id":9699,"date":"2024-09-18T07:31:25","date_gmt":"2024-09-18T07:31:25","guid":{"rendered":"https:\/\/e-p-g.ihlenfeldt.de\/protection-des-donnees\/"},"modified":"2025-06-04T08:06:40","modified_gmt":"2025-06-04T08:06:40","slug":"protection-des-donnees","status":"publish","type":"page","link":"https:\/\/e-p-g.de\/fr\/protection-des-donnees\/","title":{"rendered":"Protection des donn\u00e9es"},"content":{"rendered":"\t\t<div data-elementor-type=\"wp-page\" data-elementor-id=\"9699\" class=\"elementor elementor-9699 elementor-3\">\n\t\t\t\t<div class=\"elementor-element elementor-element-2e2f0aa8 e-flex e-con-boxed e-con e-parent\" data-id=\"2e2f0aa8\" data-element_type=\"container\">\n\t\t\t\t\t<div class=\"e-con-inner\">\n\t\t\t\t<div class=\"elementor-element elementor-element-2bb84f76 elementor-widget elementor-widget-text-editor\" data-id=\"2bb84f76\" data-element_type=\"widget\" data-widget_type=\"text-editor.default\">\n\t\t\t\t<div class=\"elementor-widget-container\">\n\t\t\t\t\t\t\t\t\t<h1>D\u00e9claration relative \u00e0 la protection des donn\u00e9es<\/h1><h2>1. Aper\u00e7u de la protection des donn\u00e9es<\/h2><h3>Informations g\u00e9n\u00e9rales<\/h3><p>Les informations suivantes fournissent un aper\u00e7u simple de ce qu&rsquo;il advient de vos donn\u00e9es personnelles lorsque vous visitez ce site web. Les donn\u00e9es personnelles sont toutes les donn\u00e9es permettant de vous identifier personnellement. Vous trouverez des informations d\u00e9taill\u00e9es sur ces programmes d&rsquo;analyse aux points 5 et 6 ci-dessous.  <\/p><h3>Collecte de donn\u00e9es sur ce site web<\/h3><h4>Qui est responsable de la collecte des donn\u00e9es sur ce site web ?<\/h4><p>Le traitement des donn\u00e9es sur ce site web est effectu\u00e9 par l&rsquo;exploitant du site web. Vous pouvez trouver ses coordonn\u00e9es dans la section \u00ab Avis concernant l&rsquo;entit\u00e9 responsable \u00bb de cette d\u00e9claration de protection des donn\u00e9es. <\/p><h4>Comment collectons-nous vos donn\u00e9es ?<\/h4><p>Vos donn\u00e9es sont collect\u00e9es d&rsquo;une part lorsque vous nous les communiquez. Il peut s&rsquo;agir, par exemple, de donn\u00e9es que vous saisissez dans un formulaire de contact. <\/p><p>D&rsquo;autres donn\u00e9es sont collect\u00e9es automatiquement ou avec votre consentement par nos syst\u00e8mes informatiques lorsque vous visitez le site web. Il s&rsquo;agit principalement de donn\u00e9es techniques (par exemple, le navigateur internet, le syst\u00e8me d&rsquo;exploitation ou l&rsquo;heure de consultation de la page). La collecte de ces donn\u00e9es s&rsquo;effectue automatiquement d\u00e8s que vous acc\u00e9dez \u00e0 ce site web.  <\/p><h4>\u00c0 quelles fins utilisons-nous vos donn\u00e9es ?<\/h4><p>Une partie des donn\u00e9es est collect\u00e9e pour garantir une mise \u00e0 disposition sans erreur du site web. D&rsquo;autres donn\u00e9es peuvent \u00eatre utilis\u00e9es pour analyser votre comportement d&rsquo;utilisateur. Si des contrats peuvent \u00eatre conclus ou initi\u00e9s via le site web, les donn\u00e9es transmises seront \u00e9galement trait\u00e9es pour des offres de contrat, des commandes ou d&rsquo;autres demandes de mission.  <\/p><h4>Quels sont vos droits concernant vos donn\u00e9es ?<\/h4><p>Vous avez \u00e0 tout moment le droit d&rsquo;obtenir gratuitement des informations sur l&rsquo;origine, le destinataire et la finalit\u00e9 de vos donn\u00e9es personnelles stock\u00e9es. Vous avez \u00e9galement le droit d&rsquo;exiger la rectification ou la suppression de ces donn\u00e9es. Si vous avez donn\u00e9 votre consentement au traitement des donn\u00e9es, vous pouvez r\u00e9voquer ce consentement \u00e0 tout moment pour l&rsquo;avenir. En outre, vous avez le droit d&rsquo;exiger, dans certaines circonstances, la limitation du traitement de vos donn\u00e9es personnelles. Vous disposez \u00e9galement d&rsquo;un droit de recours aupr\u00e8s de l&rsquo;autorit\u00e9 de contr\u00f4le comp\u00e9tente.    <\/p><p>Vous pouvez nous contacter \u00e0 tout moment \u00e0 ce sujet ainsi que pour toute autre question relative \u00e0 la protection des donn\u00e9es.<\/p><h3>Outils d&rsquo;analyse et outils de fournisseurs tiers<\/h3><p>Lors de votre visite sur ce site web, votre comportement de navigation peut faire l&rsquo;objet d&rsquo;une analyse statistique. Cela se fait principalement \u00e0 l&rsquo;aide de ce que l&rsquo;on appelle des programmes d&rsquo;analyse. <\/p><p>Vous trouverez des informations d\u00e9taill\u00e9es sur ces programmes d&rsquo;analyse dans la d\u00e9claration de protection des donn\u00e9es suivante.<\/p><h2>2. H\u00e9bergement<\/h2><p>Notre site web est exploit\u00e9 sur un serveur propre qui se trouve au sein de notre si\u00e8ge social. Le traitement des donn\u00e9es est effectu\u00e9 exclusivement par nous en tant que responsables au sens du RGPD. Aucune transmission de donn\u00e9es personnelles \u00e0 des prestataires d&rsquo;h\u00e9bergement externes n&rsquo;a lieu.  <\/p><p>Base juridique :<br>Le traitement est effectu\u00e9 sur la base de l&rsquo;article 6, paragraphe 1, point f) du RGPD. Notre int\u00e9r\u00eat l\u00e9gitime r\u00e9side dans la mise \u00e0 disposition s\u00fbre, fiable et efficace de notre offre en ligne.   <\/p><p>Pas de sous-traitant :<br>\u00c9tant donn\u00e9 que le serveur est exploit\u00e9 et administr\u00e9 par nous-m\u00eames, il n&rsquo;y a pas de sous-traitance au sens de l&rsquo;article 28 du RGPD.<\/p><h4>Sous-traitance<\/h4><p>Nous avons conclu un contrat de sous-traitance (CST) pour l&rsquo;utilisation du service mentionn\u00e9 ci-dessus. Il s&rsquo;agit d&rsquo;un contrat prescrit par la l\u00e9gislation sur la protection des donn\u00e9es, qui garantit que celui-ci ne traite les donn\u00e9es personnelles de nos visiteurs du site web que selon nos instructions et dans le respect du RGPD. <\/p><h2>3. Informations g\u00e9n\u00e9rales et informations obligatoires<\/h2><h3>Protection des donn\u00e9es<\/h3><p>Les exploitants de ces pages prennent tr\u00e8s au s\u00e9rieux la protection de vos donn\u00e9es personnelles. Nous traitons vos donn\u00e9es personnelles de mani\u00e8re confidentielle et conform\u00e9ment aux dispositions l\u00e9gales en mati\u00e8re de protection des donn\u00e9es ainsi qu&rsquo;\u00e0 la pr\u00e9sente d\u00e9claration de protection des donn\u00e9es. <\/p><p>Lorsque vous utilisez ce site web, diff\u00e9rentes donn\u00e9es personnelles sont collect\u00e9es. Les donn\u00e9es personnelles sont des donn\u00e9es permettant de vous identifier personnellement. La pr\u00e9sente d\u00e9claration de protection des donn\u00e9es explique quelles donn\u00e9es nous collectons et \u00e0 quelles fins nous les utilisons. Elle explique \u00e9galement comment et dans quel but cela se produit.   <\/p><p>Nous attirons votre attention sur le fait que la transmission de donn\u00e9es sur Internet (par exemple lors de la communication par e-mail) peut pr\u00e9senter des failles de s\u00e9curit\u00e9. Une protection totale des donn\u00e9es contre l&rsquo;acc\u00e8s par des tiers n&rsquo;est pas possible. <\/p><h3>Avis concernant l&rsquo;entit\u00e9 responsable<\/h3><p>L&rsquo;entit\u00e9 responsable du traitement des donn\u00e9es sur ce site web est :<\/p><p>EPG (Engineered nanoProducts Germany) AG<br>Johannes Ely<br>Goethestra\u00dfe 30<br>64347 Griesheim<\/p><p>T\u00e9l\u00e9phone : +49 (0) 6332 48192 &#8211; 0<br>E-mail : email@e-p-g.de<\/p><p>L&rsquo;entit\u00e9 responsable est la personne physique ou morale qui, seule ou conjointement avec d&rsquo;autres, d\u00e9cide des finalit\u00e9s et des moyens du traitement des donn\u00e9es personnelles (par exemple, noms, adresses e-mail, etc.).<\/p><h3>Dur\u00e9e de conservation<\/h3><p>Dans la mesure o\u00f9 aucune dur\u00e9e de conservation plus sp\u00e9cifique n&rsquo;a \u00e9t\u00e9 mentionn\u00e9e dans la pr\u00e9sente d\u00e9claration de protection des donn\u00e9es, vos donn\u00e9es personnelles resteront en notre possession jusqu&rsquo;\u00e0 ce que la finalit\u00e9 du traitement des donn\u00e9es cesse d&rsquo;exister. Si vous faites valoir une demande l\u00e9gitime de suppression ou si vous r\u00e9voquez votre consentement au traitement des donn\u00e9es, vos donn\u00e9es seront supprim\u00e9es, \u00e0 moins que nous n&rsquo;ayons d&rsquo;autres motifs l\u00e9galement admissibles pour la conservation de vos donn\u00e9es personnelles (par exemple, des d\u00e9lais de conservation impos\u00e9s par le droit fiscal ou commercial) ; dans ce dernier cas, la suppression interviendra apr\u00e8s la disparition de ces motifs. <\/p><h3>Informations g\u00e9n\u00e9rales sur les bases juridiques du traitement des donn\u00e9es sur ce site web<\/h3><p>Si vous avez consenti au traitement des donn\u00e9es, nous traitons vos donn\u00e9es personnelles sur la base de l&rsquo;article 6, paragraphe 1, point a) du RGPD ou de l&rsquo;article 9, paragraphe 2, point a) du RGPD, si des cat\u00e9gories particuli\u00e8res de donn\u00e9es sont trait\u00e9es conform\u00e9ment \u00e0 l&rsquo;article 9, paragraphe 1 du RGPD. En cas de consentement explicite au transfert de donn\u00e9es personnelles vers des pays tiers, le traitement des donn\u00e9es est \u00e9galement fond\u00e9 sur l&rsquo;article 49, paragraphe 1, point a) du RGPD. Si vous avez consenti \u00e0 la conservation de cookies ou \u00e0 l&rsquo;acc\u00e8s \u00e0 des informations sur votre terminal (par exemple, via le device fingerprinting), le traitement des donn\u00e9es est en outre fond\u00e9 sur l&rsquo;article 25, paragraphe 1 du TDDDG. Le consentement est r\u00e9vocable \u00e0 tout moment. Si vos donn\u00e9es sont n\u00e9cessaires \u00e0 l&rsquo;ex\u00e9cution d&rsquo;un contrat ou \u00e0 l&rsquo;ex\u00e9cution de mesures pr\u00e9contractuelles, nous traitons vos donn\u00e9es sur la base de l&rsquo;article 6, paragraphe 1, point b) du RGPD. En outre, nous traitons vos donn\u00e9es si celles-ci sont n\u00e9cessaires \u00e0 l&rsquo;ex\u00e9cution d&rsquo;une obligation l\u00e9gale sur la base de l&rsquo;article 6, paragraphe 1, point c) du RGPD. Le traitement des donn\u00e9es peut \u00e9galement \u00eatre effectu\u00e9 sur la base de notre int\u00e9r\u00eat l\u00e9gitime conform\u00e9ment \u00e0 l&rsquo;article 6, paragraphe 1, point f) du RGPD. Les bases juridiques applicables dans chaque cas particulier sont pr\u00e9cis\u00e9es dans les paragraphes suivants de la pr\u00e9sente d\u00e9claration de protection des donn\u00e9es.                     <\/p><h3>D\u00e9l\u00e9gu\u00e9 \u00e0 la protection des donn\u00e9es<\/h3><p>Nous avons nomm\u00e9 un d\u00e9l\u00e9gu\u00e9 \u00e0 la protection des donn\u00e9es.<\/p><p>Johannes Ely<br>Goethestra\u00dfe 30<br>D-64347 Griesheim<\/p><p>T\u00e9l\u00e9phone : +49 (0)6332 48192-0<br>Courriel : datenschutz@e-p-g.de<\/p><h3>Destinataires des donn\u00e9es personnelles<\/h3><p>Dans le cadre de nos activit\u00e9s commerciales, nous collaborons avec diverses entit\u00e9s externes. Dans certains cas, cela implique \u00e9galement un transfert de donn\u00e9es personnelles \u00e0 ces entit\u00e9s externes. Nous ne transmettons des donn\u00e9es personnelles \u00e0 des entit\u00e9s externes que si cela est n\u00e9cessaire dans le cadre de l&rsquo;ex\u00e9cution d&rsquo;un contrat, si nous y sommes l\u00e9galement oblig\u00e9s (par exemple, transmission de donn\u00e9es aux autorit\u00e9s fiscales), si nous avons un int\u00e9r\u00eat l\u00e9gitime \u00e0 la transmission conform\u00e9ment \u00e0 l&rsquo;article 6, paragraphe 1, point f) du RGPD, ou si une autre base juridique autorise la transmission des donn\u00e9es. Lors de l&rsquo;utilisation de sous-traitants, nous ne transmettons les donn\u00e9es personnelles de nos clients que sur la base d&rsquo;un contrat de sous-traitance valide. En cas de traitement conjoint, un contrat de traitement conjoint est conclu.      <\/p><h3>R\u00e9vocation de votre consentement au traitement des donn\u00e9es<\/h3><p>De nombreuses op\u00e9rations de traitement des donn\u00e9es ne sont possibles qu&rsquo;avec votre consentement explicite. Vous pouvez r\u00e9voquer \u00e0 tout moment un consentement d\u00e9j\u00e0 donn\u00e9. La l\u00e9galit\u00e9 du traitement des donn\u00e9es effectu\u00e9 jusqu&rsquo;\u00e0 la r\u00e9vocation n&rsquo;est pas affect\u00e9e par celle-ci.  <\/p><h3>Droit d&rsquo;opposition \u00e0 la collecte de donn\u00e9es dans des cas particuliers ainsi qu&rsquo;au marketing direct (article 21 du RGPD)<\/h3><p>SI LE TRAITEMENT DES DONN\u00c9ES EST EFFECTU\u00c9 SUR LA BASE DE L&rsquo;ARTICLE 6, PARAGRAPHE 1, POINT E OU F DU RGPD, VOUS AVEZ \u00c0 TOUT MOMENT LE DROIT DE VOUS OPPOSER AU TRAITEMENT DE VOS DONN\u00c9ES PERSONNELLES POUR DES RAISONS TENANT \u00c0 VOTRE SITUATION PARTICULI\u00c8RE ; CECI S&rsquo;APPLIQUE \u00c9GALEMENT AU PROFILAGE FOND\u00c9 SUR CES DISPOSITIONS. VOUS TROUVEREZ LES BASES JURIDIQUES RESPECTIVES SUR LESQUELLES REPOSE UN TRAITEMENT DANS LA PR\u00c9SENTE D\u00c9CLARATION DE PROTECTION DES DONN\u00c9ES. SI VOUS VOUS OPPOSEZ, NOUS NE TRAITERONS PLUS VOS DONN\u00c9ES PERSONNELLES CONCERN\u00c9ES, \u00c0 MOINS QUE NOUS NE PUISSIONS D\u00c9MONTRER QU&rsquo;IL EXISTE DES MOTIFS L\u00c9GITIMES ET IMP\u00c9RIEUX POUR LE TRAITEMENT QUI PR\u00c9VALENT SUR VOS INT\u00c9R\u00caTS, VOS DROITS ET VOS LIBERT\u00c9S, OU QUE LE TRAITEMENT SERVE \u00c0 LA CONSTATATION, \u00c0 L&rsquo;EXERCICE OU \u00c0 LA D\u00c9FENSE DE DROITS EN JUSTICE (OPPOSITION SELON L&rsquo;ARTICLE 21, PARAGRAPHE 1 DU RGPD).    <\/p><p>SI VOS DONN\u00c9ES PERSONNELLES SONT TRAIT\u00c9ES \u00c0 DES FINS DE PROSPECTION, VOUS AVEZ LE DROIT DE VOUS OPPOSER \u00c0 TOUT MOMENT AU TRAITEMENT DES DONN\u00c9ES PERSONNELLES VOUS CONCERNANT \u00c0 DE TELLES FINS DE PROSPECTION ; IL EN VA DE M\u00caME POUR LE PROFILAGE DANS LA MESURE O\u00d9 IL EST LI\u00c9 \u00c0 UNE TELLE PROSPECTION. SI VOUS VOUS Y OPPOSEZ, VOS DONN\u00c9ES PERSONNELLES NE SERONT PLUS UTILIS\u00c9ES \u00c0 DES FINS DE PROSPECTION (OPPOSITION SELON L&rsquo;ARTICLE 21, PARAGRAPHE 2 DU RGPD). <\/p><h3>Droit de recours aupr\u00e8s de l&rsquo;autorit\u00e9 de contr\u00f4le comp\u00e9tente<\/h3><p>En cas de violation du RGPD, les personnes concern\u00e9es disposent d&rsquo;un droit de recours aupr\u00e8s d&rsquo;une autorit\u00e9 de contr\u00f4le, notamment dans l&rsquo;\u00c9tat membre dans lequel elles ont leur r\u00e9sidence habituelle, leur lieu de travail ou le lieu o\u00f9 la violation aurait \u00e9t\u00e9 commise. Le droit de recours existe sans pr\u00e9judice de tout autre recours administratif ou juridictionnel. <\/p><h3>Droit \u00e0 la portabilit\u00e9 des donn\u00e9es<\/h3><p>Vous disposez du droit de vous faire remettre les donn\u00e9es que nous traitons de mani\u00e8re automatis\u00e9e sur la base de votre consentement ou en ex\u00e9cution d&rsquo;un contrat, \u00e0 vous-m\u00eame ou \u00e0 un tiers, dans un format courant et lisible par machine. Si vous demandez le transfert direct des donn\u00e9es \u00e0 un autre responsable du traitement, cela ne sera effectu\u00e9 que dans la mesure o\u00f9 cela est techniquement r\u00e9alisable. <\/p><h3>Information, rectification et suppression<\/h3><p>Dans le cadre des dispositions l\u00e9gales en vigueur, vous disposez \u00e0 tout moment du droit d&rsquo;obtenir gratuitement des informations sur vos donn\u00e9es personnelles enregistr\u00e9es, leur origine et leurs destinataires, ainsi que sur la finalit\u00e9 du traitement des donn\u00e9es et, le cas \u00e9ch\u00e9ant, d&rsquo;un droit de rectification ou de suppression de ces donn\u00e9es. \u00c0 cet \u00e9gard, ainsi que pour toute autre question relative aux donn\u00e9es personnelles, vous pouvez nous contacter \u00e0 tout moment. <\/p><h3>Droit \u00e0 la limitation du traitement<\/h3><p>Vous avez le droit de demander la limitation du traitement de vos donn\u00e9es personnelles. Vous pouvez nous contacter \u00e0 tout moment \u00e0 cet effet. Le droit \u00e0 la limitation du traitement existe dans les cas suivants :  <\/p><ul><li>Si vous contestez l&rsquo;exactitude de vos donn\u00e9es personnelles stock\u00e9es chez nous, nous avons g\u00e9n\u00e9ralement besoin de temps pour le v\u00e9rifier. Pendant la dur\u00e9e de cette v\u00e9rification, vous avez le droit de demander la limitation du traitement de vos donn\u00e9es personnelles. <\/li><li>Si le traitement de vos donn\u00e9es personnelles a \u00e9t\u00e9\/est effectu\u00e9 de mani\u00e8re illicite, vous pouvez demander la limitation du traitement des donn\u00e9es au lieu de leur suppression.<\/li><li>Si nous n&rsquo;avons plus besoin de vos donn\u00e9es personnelles, mais que vous en avez besoin pour l&rsquo;exercice, la d\u00e9fense ou la revendication de droits l\u00e9gaux, vous avez le droit de demander la limitation du traitement de vos donn\u00e9es personnelles au lieu de leur suppression.<\/li><li>Si vous avez fait opposition conform\u00e9ment \u00e0 l&rsquo;article 21, paragraphe 1, du RGPD, une mise en balance doit \u00eatre effectu\u00e9e entre vos int\u00e9r\u00eats et les n\u00f4tres. Tant qu&rsquo;il n&rsquo;a pas \u00e9t\u00e9 d\u00e9termin\u00e9 quels int\u00e9r\u00eats pr\u00e9valent, vous avez le droit de demander la limitation du traitement de vos donn\u00e9es personnelles.  <\/li><\/ul><p>Si vous avez limit\u00e9 le traitement de vos donn\u00e9es personnelles, ces donn\u00e9es ne peuvent \u00eatre trait\u00e9es &#8211; \u00e0 l&rsquo;exception de leur stockage &#8211; qu&rsquo;avec votre consentement ou pour faire valoir, exercer ou d\u00e9fendre des droits en justice, ou pour prot\u00e9ger les droits d&rsquo;une autre personne physique ou morale, ou encore pour des motifs importants d&rsquo;int\u00e9r\u00eat public de l&rsquo;Union europ\u00e9enne ou d&rsquo;un \u00c9tat membre.<\/p><h3>Chiffrement SSL ou TLS<\/h3><p>Ce site utilise, pour des raisons de s\u00e9curit\u00e9 et pour prot\u00e9ger la transmission de contenus confidentiels, tels que les commandes ou les demandes que vous nous envoyez en tant qu&rsquo;exploitant du site, un chiffrement SSL ou TLS. Vous pouvez reconna\u00eetre une connexion chiffr\u00e9e par le fait que la barre d&rsquo;adresse du navigateur passe de \u00ab http:\/\/ \u00bb \u00e0 \u00ab https:\/\/ \u00bb et par le symbole de cadenas dans la barre de votre navigateur. <\/p><p>Lorsque le chiffrement SSL ou TLS est activ\u00e9, les donn\u00e9es que vous nous transmettez ne peuvent pas \u00eatre lues par des tiers.<\/p><h2>4. Collecte de donn\u00e9es sur ce site web<\/h2><h3>Formulaire de contact<\/h3><p>Si vous nous envoyez des demandes via le formulaire de contact, vos informations issues du formulaire de demande, y compris les coordonn\u00e9es que vous y avez indiqu\u00e9es, seront stock\u00e9es chez nous aux fins de traitement de la demande et en cas de questions compl\u00e9mentaires. Nous ne transmettons pas ces donn\u00e9es sans votre consentement. <\/p><p>Le traitement de ces donn\u00e9es s&rsquo;effectue sur la base de l&rsquo;article 6, paragraphe 1, point b) du RGPD, dans la mesure o\u00f9 votre demande est li\u00e9e \u00e0 l&rsquo;ex\u00e9cution d&rsquo;un contrat ou est n\u00e9cessaire \u00e0 la mise en \u0153uvre de mesures pr\u00e9contractuelles. Dans tous les autres cas, le traitement est fond\u00e9 sur notre int\u00e9r\u00eat l\u00e9gitime \u00e0 traiter efficacement les demandes qui nous sont adress\u00e9es (art. 6, par. 1, point f) du RGPD) ou sur votre consentement (art. 6, par. 1, point a) du RGPD) si celui-ci a \u00e9t\u00e9 demand\u00e9 ; le consentement est r\u00e9vocable \u00e0 tout moment.   <\/p><p>Les donn\u00e9es que vous avez saisies dans le formulaire de contact restent chez nous jusqu&rsquo;\u00e0 ce que vous nous demandiez de les supprimer, que vous r\u00e9voquiez votre consentement \u00e0 leur conservation ou que la finalit\u00e9 de la conservation des donn\u00e9es devienne caduque (par exemple apr\u00e8s le traitement de votre demande). Les dispositions l\u00e9gales imp\u00e9ratives &#8211; notamment les d\u00e9lais de conservation &#8211; restent inchang\u00e9es. <\/p><h3>Demande par e-mail, t\u00e9l\u00e9phone ou t\u00e9l\u00e9copie<\/h3><p>Si vous nous contactez par e-mail, t\u00e9l\u00e9phone ou t\u00e9l\u00e9copie, votre demande, y compris toutes les donn\u00e9es personnelles qui en d\u00e9coulent (nom, demande), sera stock\u00e9e et trait\u00e9e chez nous aux fins de traitement de votre requ\u00eate. Nous ne transmettons pas ces donn\u00e9es sans votre consentement. <\/p><p>Le traitement de ces donn\u00e9es s&rsquo;effectue sur la base de l&rsquo;article 6, paragraphe 1, point b) du RGPD, dans la mesure o\u00f9 votre demande est li\u00e9e \u00e0 l&rsquo;ex\u00e9cution d&rsquo;un contrat ou est n\u00e9cessaire \u00e0 la mise en \u0153uvre de mesures pr\u00e9contractuelles. Dans tous les autres cas, le traitement est fond\u00e9 sur notre int\u00e9r\u00eat l\u00e9gitime \u00e0 traiter efficacement les demandes qui nous sont adress\u00e9es (art. 6, par. 1, point f) du RGPD) ou sur votre consentement (art. 6, par. 1, point a) du RGPD) si celui-ci a \u00e9t\u00e9 demand\u00e9 ; le consentement est r\u00e9vocable \u00e0 tout moment.   <\/p><p>Les donn\u00e9es que vous nous transmettez par le biais de demandes de contact demeurent en notre possession jusqu&rsquo;\u00e0 ce que vous nous enjoigniez de les supprimer, que vous r\u00e9voquiez votre consentement \u00e0 leur conservation ou que la finalit\u00e9 de la conservation des donn\u00e9es devienne caduque (par exemple, apr\u00e8s le traitement de votre requ\u00eate). Les dispositions l\u00e9gales imp\u00e9ratives \u2013 notamment les d\u00e9lais de conservation l\u00e9gaux \u2013 demeurent inchang\u00e9es. <\/p><h2>5. Outils d&rsquo;analyse et publicit\u00e9<\/h2><h3>WP Statistics<\/h3><p>Ce site web utilise l&rsquo;outil d&rsquo;analyse WP Statistics pour \u00e9valuer statistiquement les acc\u00e8s des visiteurs. Le fournisseur est Veronalabs, Tatari 64, 10134, Tallinn, Estonie (<a href=\"https:\/\/veronalabs.com\" target=\"_blank\" rel=\"noopener noreferrer\">https:\/\/veronalabs.com<\/a>). <\/p><p>Gr\u00e2ce \u00e0 WP Statistics, nous sommes en mesure d&rsquo;analyser l&rsquo;utilisation de notre site web. WP Statistics enregistre, entre autres, les fichiers journaux (adresse IP, r\u00e9f\u00e9rent, navigateurs utilis\u00e9s, origine de l&rsquo;utilisateur, moteur de recherche utilis\u00e9) et les actions effectu\u00e9es par les visiteurs du site (par exemple, clics et affichages). <\/p><p>Les donn\u00e9es collect\u00e9es par WP Statistics sont stock\u00e9es exclusivement sur notre propre serveur.<\/p><p>L&rsquo;utilisation de cet outil d&rsquo;analyse s&rsquo;effectue sur la base de l&rsquo;article 6, paragraphe 1, point f) du RGPD. Nous avons un int\u00e9r\u00eat l\u00e9gitime \u00e0 l&rsquo;analyse anonymis\u00e9e du comportement des utilisateurs afin d&rsquo;optimiser notre offre web ainsi que notre publicit\u00e9. Dans la mesure o\u00f9 un consentement correspondant a \u00e9t\u00e9 sollicit\u00e9, le traitement s&rsquo;effectue exclusivement sur la base de l&rsquo;article 6, paragraphe 1, point a) du RGPD et de l&rsquo;article 25, paragraphe 1 de la TDDDG, dans la mesure o\u00f9 le consentement inclut le stockage de cookies ou l&rsquo;acc\u00e8s \u00e0 des informations dans le terminal de l&rsquo;utilisateur (par exemple, Device-Fingerprinting) au sens de la TDDDG. Le consentement est r\u00e9vocable \u00e0 tout moment.        <\/p><h4>Anonymisation de l&rsquo;adresse IP<\/h4><p>Nous utilisons WP Statistics avec une adresse IP anonymis\u00e9e. Votre adresse IP est tronqu\u00e9e de mani\u00e8re \u00e0 ce qu&rsquo;elle ne puisse plus vous \u00eatre directement attribu\u00e9e. <\/p><h2>6. Plugins et outils<\/h2><h3>Google Fonts (h\u00e9bergement local)<\/h3><p>Ce site utilise les polices dites Google Fonts fournies par Google pour une pr\u00e9sentation uniforme des polices. Les Google Fonts sont install\u00e9es localement. Il n&rsquo;y a pas de connexion aux serveurs de Google.  <\/p><p>Vous trouverez de plus amples informations sur Google Fonts \u00e0 l&rsquo;adresse <a href=\"https:\/\/developers.google.com\/fonts\/faq\" target=\"_blank\" rel=\"noopener noreferrer\">https:\/\/developers.google.com\/fonts\/faq<\/a> et dans la d\u00e9claration de protection des donn\u00e9es de Google : <a href=\"https:\/\/policies.google.com\/privacy?hl=de\" target=\"_blank\" rel=\"noopener noreferrer\">https:\/\/policies.google.com\/privacy?hl=fr<\/a>.<\/p>\t\t\t\t\t\t\t\t<\/div>\n\t\t\t\t<\/div>\n\t\t\t\t\t<\/div>\n\t\t\t\t<\/div>\n\t\t\t\t<\/div>\n\t\t","protected":false},"excerpt":{"rendered":"<p>D\u00e9claration relative \u00e0 la protection des donn\u00e9es 1. Aper\u00e7u de la protection des donn\u00e9es Informations g\u00e9n\u00e9rales Les informations suivantes fournissent un aper\u00e7u simple de ce qu&rsquo;il advient de vos donn\u00e9es personnelles lorsque vous visitez ce site web. Les donn\u00e9es personnelles&#8230;<\/p>\n","protected":false},"author":1,"featured_media":0,"parent":0,"menu_order":85,"comment_status":"closed","ping_status":"closed","template":"","meta":{"_seopress_robots_primary_cat":"","_seopress_titles_title":"","_seopress_titles_desc":"","_seopress_robots_index":"yes","footnotes":""},"class_list":["post-9699","page","type-page","status-publish","hentry"],"_links":{"self":[{"href":"https:\/\/e-p-g.de\/fr\/wp-json\/wp\/v2\/pages\/9699","targetHints":{"allow":["GET"]}}],"collection":[{"href":"https:\/\/e-p-g.de\/fr\/wp-json\/wp\/v2\/pages"}],"about":[{"href":"https:\/\/e-p-g.de\/fr\/wp-json\/wp\/v2\/types\/page"}],"author":[{"embeddable":true,"href":"https:\/\/e-p-g.de\/fr\/wp-json\/wp\/v2\/users\/1"}],"replies":[{"embeddable":true,"href":"https:\/\/e-p-g.de\/fr\/wp-json\/wp\/v2\/comments?post=9699"}],"version-history":[{"count":2,"href":"https:\/\/e-p-g.de\/fr\/wp-json\/wp\/v2\/pages\/9699\/revisions"}],"predecessor-version":[{"id":9702,"href":"https:\/\/e-p-g.de\/fr\/wp-json\/wp\/v2\/pages\/9699\/revisions\/9702"}],"wp:attachment":[{"href":"https:\/\/e-p-g.de\/fr\/wp-json\/wp\/v2\/media?parent=9699"}],"curies":[{"name":"wp","href":"https:\/\/api.w.org\/{rel}","templated":true}]}}