{"id":9635,"date":"2025-03-10T14:47:38","date_gmt":"2025-03-10T14:47:38","guid":{"rendered":"https:\/\/e-p-g.ihlenfeldt.de\/mentions-legales\/"},"modified":"2025-06-04T08:06:24","modified_gmt":"2025-06-04T08:06:24","slug":"mentions-legales","status":"publish","type":"page","link":"https:\/\/e-p-g.de\/fr\/mentions-legales\/","title":{"rendered":"Mentions l\u00e9gales"},"content":{"rendered":"\t\t<div data-elementor-type=\"wp-page\" data-elementor-id=\"9635\" class=\"elementor elementor-9635 elementor-8116\">\n\t\t\t\t<div class=\"elementor-element elementor-element-2e2f0aa8 e-flex e-con-boxed e-con e-parent\" data-id=\"2e2f0aa8\" data-element_type=\"container\">\n\t\t\t\t\t<div class=\"e-con-inner\">\n\t\t\t\t<div class=\"elementor-element elementor-element-2bb84f76 elementor-widget elementor-widget-text-editor\" data-id=\"2bb84f76\" data-element_type=\"widget\" data-widget_type=\"text-editor.default\">\n\t\t\t\t<div class=\"elementor-widget-container\">\n\t\t\t\t\t\t\t\t\t<h1>Mentions l\u00e9gales<\/h1><p>EPG (Engineered nanoProducts Germany) AG<br>Goethestra\u00dfe 30<br>64347 Griesheim<\/p><p>Registre du commerce : HRB 89241<br>Tribunal d&rsquo;enregistrement : Tribunal d&rsquo;instance de Darmstadt<\/p><p><strong>Repr\u00e9sent\u00e9 par :<\/strong><br>Johannes Ely<\/p><p><strong>Pr\u00e9sident du conseil de surveillance :<\/strong><br>Oliver Krautscheid<\/p><h2>Contact<\/h2><p>T\u00e9l\u00e9phone : +49 (0)6155 89793-11<br>T\u00e9l\u00e9copie : +49 (0)6155 89793-44<br>Courriel : email@e-p-g.de<\/p><h2>Num\u00e9ro d&rsquo;identification TVA<\/h2><p>Num\u00e9ro d&rsquo;identification TVA conform\u00e9ment \u00e0 l&rsquo;article 27 a de la loi sur la taxe sur la valeur ajout\u00e9e :<br>DE 205940842<\/p><h2>Responsable \u00e9ditorial<\/h2><p>EPG (Engineered nanoProducts Germany) AG<br>Pr\u00e9sident du Directoire : Johannes Ely<br>Goethestra\u00dfe 30<br>D-64347 Griesheim<\/p><h2>R\u00e9solution des litiges de l&rsquo;UE<\/h2><p>La Commission europ\u00e9enne met \u00e0 disposition une plateforme de r\u00e9solution des litiges en ligne (RLL) : <a href=\"https:\/\/ec.europa.eu\/consumers\/odr\/\" target=\"_blank\" rel=\"noopener noreferrer\">https:\/\/ec.europa.eu\/consumers\/odr\/<\/a>.<br>Vous trouverez notre adresse \u00e9lectronique dans les mentions l\u00e9gales ci-dessus.<\/p><h2>R\u00e9solution des litiges de consommation\/Organisme de m\u00e9diation universel<\/h2><p>Nous ne sommes ni dispos\u00e9s ni oblig\u00e9s de participer \u00e0 des proc\u00e9dures de r\u00e8glement des litiges devant un organisme de m\u00e9diation des consommateurs.<\/p><h2>Point de contact central conform\u00e9ment \u00e0 la loi sur les services num\u00e9riques &#8211; DSA (R\u00e8glement (UE) 2022\/265)<\/h2><p>Notre point de contact central pour les utilisateurs et les autorit\u00e9s conform\u00e9ment aux articles 11 et 12 du DSA peut \u00eatre joint comme suit :<\/p><p>Courriel : email@e-p-g.de<br>T\u00e9l\u00e9phone : T\u00e9l\u00e9phone : +33 (0) 387 0016-11<br><br>Autres moyens de contact :<br>EPG France<br>Petra Ecker<br>Parc d&rsquo;activit\u00e9s communautaire n\u00b0 1<br>135 Voie Principale<br>F-57450 Henriville<\/p><p>Les langues disponibles pour le contact sont : l&rsquo;allemand, l&rsquo;anglais, le fran\u00e7ais.<\/p>\t\t\t\t\t\t\t\t<\/div>\n\t\t\t\t<\/div>\n\t\t\t\t\t<\/div>\n\t\t\t\t<\/div>\n\t\t\t\t<\/div>\n\t\t","protected":false},"excerpt":{"rendered":"<p>Mentions l\u00e9gales EPG (Engineered nanoProducts Germany) AGGoethestra\u00dfe 3064347 Griesheim Registre du commerce : HRB 89241Tribunal d&rsquo;enregistrement : Tribunal d&rsquo;instance de Darmstadt Repr\u00e9sent\u00e9 par :Johannes Ely Pr\u00e9sident du conseil de surveillance :Oliver Krautscheid Contact T\u00e9l\u00e9phone : +49 (0)6155 89793-11T\u00e9l\u00e9copie : +49&#8230;<\/p>\n","protected":false},"author":1,"featured_media":0,"parent":0,"menu_order":85,"comment_status":"closed","ping_status":"closed","template":"","meta":{"_seopress_robots_primary_cat":"","_seopress_titles_title":"","_seopress_titles_desc":"","_seopress_robots_index":"yes","footnotes":""},"class_list":["post-9635","page","type-page","status-publish","hentry"],"_links":{"self":[{"href":"https:\/\/e-p-g.de\/fr\/wp-json\/wp\/v2\/pages\/9635","targetHints":{"allow":["GET"]}}],"collection":[{"href":"https:\/\/e-p-g.de\/fr\/wp-json\/wp\/v2\/pages"}],"about":[{"href":"https:\/\/e-p-g.de\/fr\/wp-json\/wp\/v2\/types\/page"}],"author":[{"embeddable":true,"href":"https:\/\/e-p-g.de\/fr\/wp-json\/wp\/v2\/users\/1"}],"replies":[{"embeddable":true,"href":"https:\/\/e-p-g.de\/fr\/wp-json\/wp\/v2\/comments?post=9635"}],"version-history":[{"count":3,"href":"https:\/\/e-p-g.de\/fr\/wp-json\/wp\/v2\/pages\/9635\/revisions"}],"predecessor-version":[{"id":10531,"href":"https:\/\/e-p-g.de\/fr\/wp-json\/wp\/v2\/pages\/9635\/revisions\/10531"}],"wp:attachment":[{"href":"https:\/\/e-p-g.de\/fr\/wp-json\/wp\/v2\/media?parent=9635"}],"curies":[{"name":"wp","href":"https:\/\/api.w.org\/{rel}","templated":true}]}}